{"id":2,"date":"2020-11-16T15:40:43","date_gmt":"2020-11-16T15:40:43","guid":{"rendered":"https:\/\/edito.mes-offres.fr\/?page_id=2"},"modified":"2021-03-01T13:43:20","modified_gmt":"2021-03-01T13:43:20","slug":"sample-page","status":"publish","type":"page","link":"https:\/\/edito.mes-offres.fr\/","title":{"rendered":"Sample Page"},"content":{"rendered":"[et_pb_section fb_built=\u00a0\u00bb1&Prime; admin_label=\u00a0\u00bbsection\u00a0\u00bb _builder_version=\u00a0\u00bb4.7.7&Prime; use_background_color_gradient=\u00a0\u00bbon\u00a0\u00bb background_color_gradient_start=\u00a0\u00bb#1eb8ec\u00a0\u00bb background_color_gradient_end=\u00a0\u00bb#ffffff\u00a0\u00bb background_color_gradient_end_position=\u00a0\u00bb20%\u00a0\u00bb background_image=\u00a0\u00bbhttps:\/\/edito.mes-offres.fr\/wp-content\/uploads\/2020\/12\/back_bottom.png\u00a0\u00bb background_size=\u00a0\u00bbcontain\u00a0\u00bb background_position=\u00a0\u00bbbottom_center\u00a0\u00bb custom_padding=\u00a0\u00bb0px|||||\u00a0\u00bb][et_pb_row admin_label=\u00a0\u00bbrow\u00a0\u00bb _builder_version=\u00a0\u00bb3.25&Prime; background_size=\u00a0\u00bbinitial\u00a0\u00bb background_position=\u00a0\u00bbtop_left\u00a0\u00bb background_repeat=\u00a0\u00bbrepeat\u00a0\u00bb][et_pb_column type=\u00a0\u00bb4_4&Prime; _builder_version=\u00a0\u00bb3.25&Prime; custom_padding=\u00a0\u00bb|||\u00a0\u00bb custom_padding__hover=\u00a0\u00bb|||\u00a0\u00bb][et_pb_image src=\u00a0\u00bbhttps:\/\/edito.mes-offres.fr\/wp-content\/uploads\/2020\/12\/logo.png\u00a0\u00bb title_text=\u00a0\u00bblogo\u00a0\u00bb _builder_version=\u00a0\u00bb4.7.7&Prime; _module_preset=\u00a0\u00bbdefault\u00a0\u00bb width=\u00a0\u00bb100%\u00a0\u00bb custom_padding=\u00a0\u00bb|||0px||\u00a0\u00bb][\/et_pb_image][et_pb_text admin_label=\u00a0\u00bbText\u00a0\u00bb _builder_version=\u00a0\u00bb3.27.4&Prime; background_size=\u00a0\u00bbinitial\u00a0\u00bb background_position=\u00a0\u00bbtop_left\u00a0\u00bb background_repeat=\u00a0\u00bbrepeat\u00a0\u00bb]<h1>Mes-Offres, votre nouvel alli\u00e9 pour b\u00e9n\u00e9ficier de bons plans et r\u00e9ductions toute l&rsquo;ann\u00e9e<\/h1>\n<h1><span style=\"font-size: 14px; color: #666666;\">\u00a0<\/span><\/h1>\n<h2>Qu&rsquo;est-ce Mes-Offres ?<span style=\"font-size: 14px; color: #666666;\">\u00a0<\/span><\/h2>\n<p><span style=\"font-size: 14px;\">Mes-Offres est un site web proposant toute l\u2019ann\u00e9e <\/span><strong style=\"font-size: 14px;\">bons plans<\/strong><span style=\"font-size: 14px;\"> et <\/span><strong style=\"font-size: 14px;\">r\u00e9ductions<\/strong><span style=\"font-size: 14px;\"> qui vous permettront de r\u00e9aliser des <\/span><strong style=\"font-size: 14px;\">\u00e9conomies en quelques clics<\/strong><span style=\"font-size: 14px;\">.<\/span><span style=\"font-size: 14px;\"><\/span><\/p>\n<p>Gr\u00e2ce \u00e0 une <strong>s\u00e9lection d\u2019offres vari\u00e9es<\/strong>, vous trouverez sur Mes-Offres des promotions et <strong>bonnes affaires<\/strong> pour vos <strong>loisirs<\/strong>, vos divers <strong>abonnements<\/strong> (t\u00e9l\u00e9phone, eau, \u00e9lectricit\u00e9 ou gaz), vos <strong>finances<\/strong>, votre <strong>domicile<\/strong> ou encore vos projets de <strong>mobilit\u00e9\u00a0<\/strong>!<\/p>\n<p>Ayez le r\u00e9flexe Mes-Offres pour <strong>all\u00e9ger votre budget au quotidien<\/strong> et b\u00e9n\u00e9ficier de nombreux avantages.<\/p>\n<p>N&rsquo;attendez plus et retrouvez les <a href=\"https:\/\/www.mes-offres.fr\/bons-plans\">meilleures offres promo<\/a> du moment !<\/p>\n<p>&nbsp;<\/p>\n<h2>Pourquoi choisir Mes-Offres\u00a0?<\/h2>\n<p><span style=\"font-size: 14px;\">Plut\u00f4t que de proposer des listes interminables de codes promo \u00e0 faible valeur ajout\u00e9e, la volont\u00e9 de Mes-Offres est de <\/span><strong style=\"font-size: 14px;\">nouer des partenariats de confiance<\/strong><span style=\"font-size: 14px;\"> avec des acteurs du march\u00e9 de mani\u00e8re \u00e0 vous faire profiter de\u00a0<\/span><strong style=\"font-size: 14px;\">bons plans exclusifs et qualitatifs<\/strong><span style=\"font-size: 14px;\">.<\/span><\/p>\n<p>C\u2019est en s\u2019inscrivant dans cette d\u00e9marche que Mes-Offres a ainsi permis \u00e0 un r\u00e9seau national de d\u00e9m\u00e9nagement jouissant d\u2019une forte notori\u00e9t\u00e9, <strong>Les d\u00e9m\u00e9nageurs bretons<\/strong>, de devenir un <strong>partenaire exclusif du site<\/strong>.<\/p>\n<p>&nbsp;<\/p>\n<p><\/p>[\/et_pb_text][\/et_pb_column][\/et_pb_row][et_pb_row column_structure=\u00a0\u00bb1_3,1_3,1_3&Prime; use_custom_gutter=\u00a0\u00bbon\u00a0\u00bb gutter_width=\u00a0\u00bb1&Prime; make_equal=\u00a0\u00bbon\u00a0\u00bb _builder_version=\u00a0\u00bb4.7.7&Prime; _module_preset=\u00a0\u00bbdefault\u00a0\u00bb width=\u00a0\u00bb100%\u00a0\u00bb max_width=\u00a0\u00bb100%\u00a0\u00bb custom_padding=\u00a0\u00bb0px|||||\u00a0\u00bb][et_pb_column type=\u00a0\u00bb1_3&Prime; _builder_version=\u00a0\u00bb4.7.7&Prime; _module_preset=\u00a0\u00bbdefault\u00a0\u00bb custom_css_main_element=\u00a0\u00bbwidth: 25% !important;\u00a0\u00bb][\/et_pb_column][et_pb_column type=\u00a0\u00bb1_3&Prime; _builder_version=\u00a0\u00bb4.7.7&Prime; _module_preset=\u00a0\u00bbdefault\u00a0\u00bb custom_css_main_element=\u00a0\u00bbwidth: 50% !important;\u00a0\u00bb][\/et_pb_column][et_pb_column type=\u00a0\u00bb1_3&Prime; _builder_version=\u00a0\u00bb4.7.7&Prime; _module_preset=\u00a0\u00bbdefault\u00a0\u00bb custom_css_main_element=\u00a0\u00bbwidth: 25% !important;\u00a0\u00bb][et_pb_image src=\u00a0\u00bbhttps:\/\/edito.mes-offres.fr\/wp-content\/uploads\/2020\/12\/label.png\u00a0\u00bb title_text=\u00a0\u00bblabel\u00a0\u00bb align=\u00a0\u00bbcenter\u00a0\u00bb _builder_version=\u00a0\u00bb4.7.7&Prime; _module_preset=\u00a0\u00bbdefault\u00a0\u00bb width=\u00a0\u00bb50px\u00a0\u00bb max_width=\u00a0\u00bb50px\u00a0\u00bb][\/et_pb_image][\/et_pb_column][\/et_pb_row][\/et_pb_section]<!-- \/wp:post-content -->","protected":false},"excerpt":{"rendered":"<p>Mes-Offres, votre nouvel alli\u00e9 pour b\u00e9n\u00e9ficier de bons plans et r\u00e9ductions toute l&rsquo;ann\u00e9e \u00a0 Qu&rsquo;est-ce Mes-Offres ?\u00a0 Mes-Offres est un site web proposant toute l\u2019ann\u00e9e bons plans et r\u00e9ductions qui vous permettront de r\u00e9aliser des \u00e9conomies en quelques clics. Gr\u00e2ce \u00e0 une s\u00e9lection d\u2019offres vari\u00e9es, vous trouverez sur Mes-Offres des promotions et bonnes affaires pour [&hellip;]<\/p>\n","protected":false},"author":5,"featured_media":0,"parent":0,"menu_order":0,"comment_status":"closed","ping_status":"open","template":"","meta":{"_et_pb_use_builder":"on","_et_pb_old_content":"<!-- wp:paragraph -->\n<p>This is an example page. It's different from a blog post because it will stay in one place and will show up in your site navigation (in most themes). Most people start with an About page that introduces them to potential site visitors. It might say something like this:<\/p>\n<!-- \/wp:paragraph -->\n\n<!-- wp:quote -->\n<blockquote class=\"wp-block-quote\"><p>Hi there! I'm a bike messenger by day, aspiring actor by night, and this is my website. I live in Los Angeles, have a great dog named Jack, and I like pi\u00f1a coladas. (And gettin' caught in the rain.)<\/p><\/blockquote>\n<!-- \/wp:quote -->\n\n<!-- wp:paragraph -->\n<p>...or something like this:<\/p>\n<!-- \/wp:paragraph -->\n\n<!-- wp:quote -->\n<blockquote class=\"wp-block-quote\"><p>The XYZ Doohickey Company was founded in 1971, and has been providing quality doohickeys to the public ever since. Located in Gotham City, XYZ employs over 2,000 people and does all kinds of awesome things for the Gotham community.<\/p><\/blockquote>\n<!-- \/wp:quote -->\n\n<!-- wp:paragraph -->\n<p>As a new WordPress user, you should go to <a href=\"https:\/\/edito.mes-offres.fr\/wp-admin\/\">your dashboard<\/a> to delete this page and create new pages for your content. Have fun!<\/p>\n<!-- \/wp:paragraph -->","_et_gb_content_width":"","footnotes":""},"class_list":["post-2","page","type-page","status-publish","hentry"],"_links":{"self":[{"href":"https:\/\/edito.mes-offres.fr\/index.php\/wp-json\/wp\/v2\/pages\/2","targetHints":{"allow":["GET"]}}],"collection":[{"href":"https:\/\/edito.mes-offres.fr\/index.php\/wp-json\/wp\/v2\/pages"}],"about":[{"href":"https:\/\/edito.mes-offres.fr\/index.php\/wp-json\/wp\/v2\/types\/page"}],"author":[{"embeddable":true,"href":"https:\/\/edito.mes-offres.fr\/index.php\/wp-json\/wp\/v2\/users\/5"}],"replies":[{"embeddable":true,"href":"https:\/\/edito.mes-offres.fr\/index.php\/wp-json\/wp\/v2\/comments?post=2"}],"version-history":[{"count":17,"href":"https:\/\/edito.mes-offres.fr\/index.php\/wp-json\/wp\/v2\/pages\/2\/revisions"}],"predecessor-version":[{"id":118,"href":"https:\/\/edito.mes-offres.fr\/index.php\/wp-json\/wp\/v2\/pages\/2\/revisions\/118"}],"wp:attachment":[{"href":"https:\/\/edito.mes-offres.fr\/index.php\/wp-json\/wp\/v2\/media?parent=2"}],"curies":[{"name":"wp","href":"https:\/\/api.w.org\/{rel}","templated":true}]}}